{"id":8,"date":"2023-03-03T23:18:15","date_gmt":"2023-03-03T23:18:15","guid":{"rendered":"https:\/\/www.cteworks.net\/?page_id=8"},"modified":"2024-10-09T19:57:27","modified_gmt":"2024-10-09T19:57:27","slug":"home-page","status":"publish","type":"page","link":"https:\/\/www.cteworks.net\/es\/","title":{"rendered":"Home Page"},"content":{"rendered":"<div data-elementor-type=\"wp-post\" data-elementor-id=\"8\" class=\"elementor elementor-8\" data-elementor-post-type=\"page\">\n\t\t\t\t\t\t<section class=\"elementor-section elementor-top-section elementor-element elementor-element-306c1050 elementor-section-full_width elementor-section-height-default elementor-section-height-default\" data-id=\"306c1050\" data-element_type=\"section\" data-e-type=\"section\">\n\t\t\t\t\t\t<div class=\"elementor-container elementor-column-gap-default\">\n\t\t\t\t\t<div class=\"elementor-column elementor-col-100 elementor-top-column elementor-element elementor-element-3a8729f7\" data-id=\"3a8729f7\" data-element_type=\"column\" data-e-type=\"column\">\n\t\t\t<div class=\"elementor-widget-wrap elementor-element-populated\">\n\t\t\t\t\t\t<div class=\"elementor-element elementor-element-1754b14d elementor-widget elementor-widget-video\" data-id=\"1754b14d\" data-element_type=\"widget\" data-e-type=\"widget\" data-settings=\"{&quot;video_type&quot;:&quot;hosted&quot;,&quot;autoplay&quot;:&quot;yes&quot;,&quot;loop&quot;:&quot;yes&quot;,&quot;start&quot;:1,&quot;play_on_mobile&quot;:&quot;yes&quot;}\" data-widget_type=\"video.default\">\n\t\t\t\t<div class=\"elementor-widget-container\">\n\t\t\t\t\t\t\t<div class=\"e-hosted-video elementor-wrapper elementor-open-inline\">\n\t\t\t\t\t<video class=\"elementor-video\" src=\"https:\/\/www.cteworks.net\/wp-content\/uploads\/2024\/10\/Landing-Page-Rev-3-01-21-24.mp4#t=1\" autoplay=\"\" loop=\"\" playsinline=\"\" controlslist=\"nodownload\" poster=\"http:\/\/www.cteworks.net\/wp-content\/uploads\/2023\/11\/Screenshot-2023-11-07-at-11.33.12\u202fAM.png\"><\/video>\n\t\t\t\t<\/div>\n\t\t\t\t\t\t<\/div>\n\t\t\t\t<\/div>\n\t\t\t\t\t<\/div>\n\t\t<\/div>\n\t\t\t\t\t<\/div>\n\t\t<\/section>\n\t\t\t\t<section class=\"elementor-section elementor-top-section elementor-element elementor-element-485485e4 elementor-section-full_width elementor-section-height-default elementor-section-height-default\" data-id=\"485485e4\" data-element_type=\"section\" data-e-type=\"section\" data-settings=\"{&quot;background_background&quot;:&quot;classic&quot;}\">\n\t\t\t\t\t\t<div class=\"elementor-container elementor-column-gap-default\">\n\t\t\t\t\t<div class=\"elementor-column elementor-col-50 elementor-top-column elementor-element elementor-element-5d822ddb\" data-id=\"5d822ddb\" data-element_type=\"column\" data-e-type=\"column\" data-settings=\"{&quot;background_background&quot;:&quot;classic&quot;}\">\n\t\t\t<div class=\"elementor-widget-wrap elementor-element-populated\">\n\t\t\t\t\t<div class=\"elementor-background-overlay\"><\/div>\n\t\t\t\t\t\t<div class=\"elementor-element elementor-element-969b90e elementor-invisible elementor-widget elementor-widget-heading\" data-id=\"969b90e\" data-element_type=\"widget\" data-e-type=\"widget\" data-settings=\"{&quot;_animation&quot;:&quot;slideInLeft&quot;,&quot;_animation_delay&quot;:1500}\" data-widget_type=\"heading.default\">\n\t\t\t\t<div class=\"elementor-widget-container\">\n\t\t\t\t\t<h2 class=\"elementor-heading-title elementor-size-default\">\u00bfQuienes somos?<\/h2>\t\t\t\t<\/div>\n\t\t\t\t<\/div>\n\t\t\t\t<div class=\"elementor-element elementor-element-b95cde1 elementor-invisible elementor-widget elementor-widget-text-editor\" data-id=\"b95cde1\" data-element_type=\"widget\" data-e-type=\"widget\" data-settings=\"{&quot;_animation&quot;:&quot;slideInLeft&quot;,&quot;_animation_delay&quot;:1500}\" data-widget_type=\"text-editor.default\">\n\t\t\t\t<div class=\"elementor-widget-container\">\n\t\t\t\t\t\t\t\t\t<p><span style=\"font-weight: 400;\">Somos la Educaci\u00f3n de Carreras T\u00e9cnicas, que atrae las pasiones, intereses y talentos de m\u00e1s de 3,600 estudiantes en diez escuelas en el Distrito Escolar Unificado del Valle de P\u00e1jaro. M\u00e1s de 40 maestros dedicados est\u00e1n inspirando a estos estudiantes en 26 senderos de carreras que los preparan para alcanzar sus objetivos universitarios, profesionales y de vida.<\/span><\/p>\t\t\t\t\t\t\t\t<\/div>\n\t\t\t\t<\/div>\n\t\t\t\t<div class=\"elementor-element elementor-element-267a3e04 elementor-invisible elementor-widget elementor-widget-image\" data-id=\"267a3e04\" data-element_type=\"widget\" data-e-type=\"widget\" data-settings=\"{&quot;_animation&quot;:&quot;slideInLeft&quot;}\" data-widget_type=\"image.default\">\n\t\t\t\t<div class=\"elementor-widget-container\">\n\t\t\t\t\t\t\t\t\t\t\t\t\t\t\t<img fetchpriority=\"high\" decoding=\"async\" width=\"262\" height=\"300\" src=\"https:\/\/i0.wp.com\/www.cteworks.net\/wp-content\/uploads\/2023\/03\/08fbeb36391612b70284171f3ae66558.png?fit=262%2C300&amp;ssl=1\" class=\"attachment-medium size-medium wp-image-11\" alt=\"\" srcset=\"https:\/\/i0.wp.com\/www.cteworks.net\/wp-content\/uploads\/2023\/03\/08fbeb36391612b70284171f3ae66558.png?w=1078&amp;ssl=1 1078w, https:\/\/i0.wp.com\/www.cteworks.net\/wp-content\/uploads\/2023\/03\/08fbeb36391612b70284171f3ae66558.png?resize=262%2C300&amp;ssl=1 262w, https:\/\/i0.wp.com\/www.cteworks.net\/wp-content\/uploads\/2023\/03\/08fbeb36391612b70284171f3ae66558.png?resize=894%2C1024&amp;ssl=1 894w, https:\/\/i0.wp.com\/www.cteworks.net\/wp-content\/uploads\/2023\/03\/08fbeb36391612b70284171f3ae66558.png?resize=768%2C880&amp;ssl=1 768w, https:\/\/i0.wp.com\/www.cteworks.net\/wp-content\/uploads\/2023\/03\/08fbeb36391612b70284171f3ae66558.png?resize=10%2C12&amp;ssl=1 10w\" sizes=\"(max-width: 262px) 100vw, 262px\" \/>\t\t\t\t\t\t\t\t\t\t\t\t\t\t\t<\/div>\n\t\t\t\t<\/div>\n\t\t\t\t\t<\/div>\n\t\t<\/div>\n\t\t\t\t<div class=\"elementor-column elementor-col-50 elementor-top-column elementor-element elementor-element-261ab9a2 elementor-invisible\" data-id=\"261ab9a2\" data-element_type=\"column\" data-e-type=\"column\" data-settings=\"{&quot;background_background&quot;:&quot;classic&quot;,&quot;animation&quot;:&quot;fadeInRight&quot;,&quot;animation_delay&quot;:1500}\">\n\t\t\t<div class=\"elementor-widget-wrap elementor-element-populated\">\n\t\t\t\t\t\t<div class=\"elementor-element elementor-element-54cc81ed elementor-widget elementor-widget-spacer\" data-id=\"54cc81ed\" data-element_type=\"widget\" data-e-type=\"widget\" data-widget_type=\"spacer.default\">\n\t\t\t\t<div class=\"elementor-widget-container\">\n\t\t\t\t\t\t\t<div class=\"elementor-spacer\">\n\t\t\t<div class=\"elementor-spacer-inner\"><\/div>\n\t\t<\/div>\n\t\t\t\t\t\t<\/div>\n\t\t\t\t<\/div>\n\t\t\t\t\t<\/div>\n\t\t<\/div>\n\t\t\t\t\t<\/div>\n\t\t<\/section>\n\t\t\t\t<section class=\"elementor-section elementor-top-section elementor-element elementor-element-6b38f7c elementor-section-full_width elementor-reverse-mobile elementor-section-height-default elementor-section-height-default\" data-id=\"6b38f7c\" data-element_type=\"section\" data-e-type=\"section\" data-settings=\"{&quot;background_background&quot;:&quot;classic&quot;}\">\n\t\t\t\t\t\t<div class=\"elementor-container elementor-column-gap-default\">\n\t\t\t\t\t<div class=\"elementor-column elementor-col-50 elementor-top-column elementor-element elementor-element-fee6a98 elementor-invisible\" data-id=\"fee6a98\" data-element_type=\"column\" data-e-type=\"column\" data-settings=\"{&quot;background_background&quot;:&quot;classic&quot;,&quot;animation&quot;:&quot;fadeInLeft&quot;,&quot;animation_delay&quot;:1700}\">\n\t\t\t<div class=\"elementor-widget-wrap elementor-element-populated\">\n\t\t\t\t\t\t<div class=\"elementor-element elementor-element-313460e elementor-widget elementor-widget-spacer\" data-id=\"313460e\" data-element_type=\"widget\" data-e-type=\"widget\" data-widget_type=\"spacer.default\">\n\t\t\t\t<div class=\"elementor-widget-container\">\n\t\t\t\t\t\t\t<div class=\"elementor-spacer\">\n\t\t\t<div class=\"elementor-spacer-inner\"><\/div>\n\t\t<\/div>\n\t\t\t\t\t\t<\/div>\n\t\t\t\t<\/div>\n\t\t\t\t\t<\/div>\n\t\t<\/div>\n\t\t\t\t<div class=\"elementor-column elementor-col-50 elementor-top-column elementor-element elementor-element-34dcc687\" data-id=\"34dcc687\" data-element_type=\"column\" data-e-type=\"column\" data-settings=\"{&quot;background_background&quot;:&quot;classic&quot;}\">\n\t\t\t<div class=\"elementor-widget-wrap elementor-element-populated\">\n\t\t\t\t\t<div class=\"elementor-background-overlay\"><\/div>\n\t\t\t\t\t\t<div class=\"elementor-element elementor-element-26effe3f elementor-invisible elementor-widget elementor-widget-heading\" data-id=\"26effe3f\" data-element_type=\"widget\" data-e-type=\"widget\" data-settings=\"{&quot;_animation&quot;:&quot;slideInLeft&quot;}\" data-widget_type=\"heading.default\">\n\t\t\t\t<div class=\"elementor-widget-container\">\n\t\t\t\t\t<h2 class=\"elementor-heading-title elementor-size-default\">\u00bfQu\u00e9 es CTEWorks?<\/h2>\t\t\t\t<\/div>\n\t\t\t\t<\/div>\n\t\t\t\t<div class=\"elementor-element elementor-element-60c10af8 elementor-invisible elementor-widget elementor-widget-text-editor\" data-id=\"60c10af8\" data-element_type=\"widget\" data-e-type=\"widget\" data-settings=\"{&quot;_animation&quot;:&quot;slideInLeft&quot;}\" data-widget_type=\"text-editor.default\">\n\t\t\t\t<div class=\"elementor-widget-container\">\n\t\t\t\t\t\t\t\t\t<p><span style=\"font-weight: 400;\">Bienvenido a la comunidad de conexiones basada en tecnolog\u00eda de CTE para estudiantes, familias, educadores, industria y organizaciones comunitarias. A trav\u00e9s de la plataforma en l\u00ednea CTEWorks, la s\u00f3lida alianza de socios regionales de CTE conecta a los estudiantes con oportunidades de aprendizaje din\u00e1micas y pr\u00e1cticas basadas en el trabajo que los preparan para la vida despu\u00e9s de la escuela preparatoria.<\/span><\/p>\t\t\t\t\t\t\t\t<\/div>\n\t\t\t\t<\/div>\n\t\t\t\t<div class=\"elementor-element elementor-element-464ab55 elementor-widget elementor-widget-image\" data-id=\"464ab55\" data-element_type=\"widget\" data-e-type=\"widget\" data-widget_type=\"image.default\">\n\t\t\t\t<div class=\"elementor-widget-container\">\n\t\t\t\t\t\t\t\t\t\t\t\t\t\t\t<img decoding=\"async\" width=\"300\" height=\"167\" src=\"https:\/\/i0.wp.com\/www.cteworks.net\/wp-content\/uploads\/2023\/03\/unknown.png?fit=300%2C167&amp;ssl=1\" class=\"attachment-medium size-medium wp-image-15\" alt=\"\" srcset=\"https:\/\/i0.wp.com\/www.cteworks.net\/wp-content\/uploads\/2023\/03\/unknown.png?w=342&amp;ssl=1 342w, https:\/\/i0.wp.com\/www.cteworks.net\/wp-content\/uploads\/2023\/03\/unknown.png?resize=300%2C167&amp;ssl=1 300w, https:\/\/i0.wp.com\/www.cteworks.net\/wp-content\/uploads\/2023\/03\/unknown.png?resize=18%2C10&amp;ssl=1 18w\" sizes=\"(max-width: 300px) 100vw, 300px\" \/>\t\t\t\t\t\t\t\t\t\t\t\t\t\t\t<\/div>\n\t\t\t\t<\/div>\n\t\t\t\t\t<\/div>\n\t\t<\/div>\n\t\t\t\t\t<\/div>\n\t\t<\/section>\n\t\t\t\t<section class=\"elementor-section elementor-top-section elementor-element elementor-element-19f8c329 elementor-section-full_width elementor-section-content-bottom elementor-reverse-mobile animated-slow elementor-section-height-default elementor-section-height-default\" data-id=\"19f8c329\" data-element_type=\"section\" data-e-type=\"section\" data-settings=\"{&quot;animation&quot;:&quot;none&quot;,&quot;animation_delay&quot;:100,&quot;background_background&quot;:&quot;classic&quot;}\">\n\t\t\t\t\t\t\t<div class=\"elementor-background-overlay\"><\/div>\n\t\t\t\t\t\t\t<div class=\"elementor-container elementor-column-gap-default\">\n\t\t\t\t\t<div class=\"elementor-column elementor-col-50 elementor-top-column elementor-element elementor-element-3bba2bee elementor-invisible\" data-id=\"3bba2bee\" data-element_type=\"column\" data-e-type=\"column\" data-settings=\"{&quot;background_background&quot;:&quot;gradient&quot;,&quot;animation&quot;:&quot;fadeInLeft&quot;}\">\n\t\t\t<div class=\"elementor-widget-wrap elementor-element-populated\">\n\t\t\t\t\t<div class=\"elementor-background-overlay\"><\/div>\n\t\t\t\t\t\t<div class=\"elementor-element elementor-element-1d29ec15 elementor-align-center elementor-widget elementor-widget-button\" data-id=\"1d29ec15\" data-element_type=\"widget\" data-e-type=\"widget\" data-widget_type=\"button.default\">\n\t\t\t\t<div class=\"elementor-widget-container\">\n\t\t\t\t\t\t\t\t\t<div class=\"elementor-button-wrapper\">\n\t\t\t\t\t<a class=\"elementor-button elementor-button-link elementor-size-sm\" href=\"https:\/\/pajarovalleyunifiedschooldistrict.my.site.com\/partner\" target=\"_blank\">\n\t\t\t\t\t\t<span class=\"elementor-button-content-wrapper\">\n\t\t\t\t\t\t\t\t\t<span class=\"elementor-button-text\">Soy un Socio de la Industria<\/span>\n\t\t\t\t\t<\/span>\n\t\t\t\t\t<\/a>\n\t\t\t\t<\/div>\n\t\t\t\t\t\t\t\t<\/div>\n\t\t\t\t<\/div>\n\t\t\t\t<div class=\"elementor-element elementor-element-2857af6f elementor-widget elementor-widget-spacer\" data-id=\"2857af6f\" data-element_type=\"widget\" data-e-type=\"widget\" data-widget_type=\"spacer.default\">\n\t\t\t\t<div class=\"elementor-widget-container\">\n\t\t\t\t\t\t\t<div class=\"elementor-spacer\">\n\t\t\t<div class=\"elementor-spacer-inner\"><\/div>\n\t\t<\/div>\n\t\t\t\t\t\t<\/div>\n\t\t\t\t<\/div>\n\t\t\t\t\t<\/div>\n\t\t<\/div>\n\t\t\t\t<div class=\"elementor-column elementor-col-50 elementor-top-column elementor-element elementor-element-5f4e754e elementor-invisible\" data-id=\"5f4e754e\" data-element_type=\"column\" data-e-type=\"column\" data-settings=\"{&quot;background_background&quot;:&quot;classic&quot;,&quot;animation&quot;:&quot;fadeInRight&quot;}\">\n\t\t\t<div class=\"elementor-widget-wrap elementor-element-populated\">\n\t\t\t\t\t<div class=\"elementor-background-overlay\"><\/div>\n\t\t\t\t\t\t<div class=\"elementor-element elementor-element-19cfd6ba elementor-widget-tablet__width-initial elementor-widget__width-initial elementor-invisible elementor-widget elementor-widget-heading\" data-id=\"19cfd6ba\" data-element_type=\"widget\" data-e-type=\"widget\" data-settings=\"{&quot;_animation&quot;:&quot;fadeIn&quot;,&quot;_animation_delay&quot;:1000}\" data-widget_type=\"heading.default\">\n\t\t\t\t<div class=\"elementor-widget-container\">\n\t\t\t\t\t<h2 class=\"elementor-heading-title elementor-size-default\">\u00bfA d\u00f3nde quieres ir T\u00da, hoy? Una invitaci\u00f3n a unirse a nosotros.<\/h2>\t\t\t\t<\/div>\n\t\t\t\t<\/div>\n\t\t\t\t<div class=\"elementor-element elementor-element-8861ba9 elementor-widget elementor-widget-spacer\" data-id=\"8861ba9\" data-element_type=\"widget\" data-e-type=\"widget\" data-widget_type=\"spacer.default\">\n\t\t\t\t<div class=\"elementor-widget-container\">\n\t\t\t\t\t\t\t<div class=\"elementor-spacer\">\n\t\t\t<div class=\"elementor-spacer-inner\"><\/div>\n\t\t<\/div>\n\t\t\t\t\t\t<\/div>\n\t\t\t\t<\/div>\n\t\t\t\t<div class=\"elementor-element elementor-element-142e2ebe elementor-align-center elementor-widget elementor-widget-button\" data-id=\"142e2ebe\" data-element_type=\"widget\" data-e-type=\"widget\" data-widget_type=\"button.default\">\n\t\t\t\t<div class=\"elementor-widget-container\">\n\t\t\t\t\t\t\t\t\t<div class=\"elementor-button-wrapper\">\n\t\t\t\t\t<a class=\"elementor-button elementor-button-link elementor-size-lg\" href=\"https:\/\/pajarovalleyunifiedschooldistrict.my.site.com\/student\/s\/?language=en_US\">\n\t\t\t\t\t\t<span class=\"elementor-button-content-wrapper\">\n\t\t\t\t\t\t\t\t\t<span class=\"elementor-button-text\">Soy estudiante o familiar.<\/span>\n\t\t\t\t\t<\/span>\n\t\t\t\t\t<\/a>\n\t\t\t\t<\/div>\n\t\t\t\t\t\t\t\t<\/div>\n\t\t\t\t<\/div>\n\t\t\t\t<div class=\"elementor-element elementor-element-4b411b5 elementor-widget elementor-widget-spacer\" data-id=\"4b411b5\" data-element_type=\"widget\" data-e-type=\"widget\" data-widget_type=\"spacer.default\">\n\t\t\t\t<div class=\"elementor-widget-container\">\n\t\t\t\t\t\t\t<div class=\"elementor-spacer\">\n\t\t\t<div class=\"elementor-spacer-inner\"><\/div>\n\t\t<\/div>\n\t\t\t\t\t\t<\/div>\n\t\t\t\t<\/div>\n\t\t\t\t\t<\/div>\n\t\t<\/div>\n\t\t\t\t\t<\/div>\n\t\t<\/section>\n\t\t\t\t<\/div>","protected":false},"excerpt":{"rendered":"<p>https:\/\/www.cteworks.net\/wp-content\/uploads\/2024\/10\/Landing-Page-Rev-3-01-21-24.mp4#t=1 Who are we? We are Career Technical Education, engaging the passions, interests, and talents of more than 3,600 students across ten schools in the Pajaro Valley Unified School District. More than 40 dedicated teachers are inspiring these students in 26 career pathways that prepare them to meet their college, career, and life goals. What [&hellip;]<\/p>\n","protected":false},"author":2,"featured_media":0,"parent":0,"menu_order":0,"comment_status":"closed","ping_status":"closed","template":"elementor_header_footer","meta":{"nf_dc_page":"","om_disable_all_campaigns":false,"_monsterinsights_skip_tracking":false,"_monsterinsights_sitenote_active":false,"_monsterinsights_sitenote_note":"","_monsterinsights_sitenote_category":0,"footnotes":""},"class_list":["post-8","page","type-page","status-publish","hentry"],"yoast_head":"<!-- This site is optimized with the Yoast SEO plugin v27.5 - https:\/\/yoast.com\/product\/yoast-seo-wordpress\/ -->\n<title>Home Page - Welcome<\/title>\n<meta name=\"robots\" content=\"index, follow, max-snippet:-1, max-image-preview:large, max-video-preview:-1\" \/>\n<link rel=\"canonical\" href=\"https:\/\/www.cteworks.net\/es\/\" \/>\n<meta property=\"og:locale\" content=\"es_MX\" \/>\n<meta property=\"og:type\" content=\"article\" \/>\n<meta property=\"og:title\" content=\"Home Page - Welcome\" \/>\n<meta property=\"og:description\" content=\"https:\/\/www.cteworks.net\/wp-content\/uploads\/2024\/10\/Landing-Page-Rev-3-01-21-24.mp4#t=1 Who are we? We are Career Technical Education, engaging the passions, interests, and talents of more than 3,600 students across ten schools in the Pajaro Valley Unified School District. More than 40 dedicated teachers are inspiring these students in 26 career pathways that prepare them to meet their college, career, and life goals. What [&hellip;]\" \/>\n<meta property=\"og:url\" content=\"https:\/\/www.cteworks.net\/es\/\" \/>\n<meta property=\"og:site_name\" content=\"Welcome\" \/>\n<meta property=\"article:modified_time\" content=\"2024-10-09T19:57:27+00:00\" \/>\n<meta property=\"og:image\" content=\"https:\/\/www.cteworks.net\/wp-content\/uploads\/2023\/03\/08fbeb36391612b70284171f3ae66558-262x300.png\" \/>\n<meta name=\"twitter:card\" content=\"summary_large_image\" \/>\n<meta name=\"twitter:label1\" content=\"Tiempo de lectura\" \/>\n\t<meta name=\"twitter:data1\" content=\"1 minuto\" \/>\n<script type=\"application\/ld+json\" class=\"yoast-schema-graph\">{\"@context\":\"https:\\\/\\\/schema.org\",\"@graph\":[{\"@type\":\"WebPage\",\"@id\":\"https:\\\/\\\/www.cteworks.net\\\/\",\"url\":\"https:\\\/\\\/www.cteworks.net\\\/\",\"name\":\"Home Page - Welcome\",\"isPartOf\":{\"@id\":\"https:\\\/\\\/www.cteworks.net\\\/#website\"},\"primaryImageOfPage\":{\"@id\":\"https:\\\/\\\/www.cteworks.net\\\/#primaryimage\"},\"image\":{\"@id\":\"https:\\\/\\\/www.cteworks.net\\\/#primaryimage\"},\"thumbnailUrl\":\"https:\\\/\\\/www.cteworks.net\\\/wp-content\\\/uploads\\\/2023\\\/03\\\/08fbeb36391612b70284171f3ae66558-262x300.png\",\"datePublished\":\"2023-03-03T23:18:15+00:00\",\"dateModified\":\"2024-10-09T19:57:27+00:00\",\"breadcrumb\":{\"@id\":\"https:\\\/\\\/www.cteworks.net\\\/#breadcrumb\"},\"inLanguage\":\"es\",\"potentialAction\":[{\"@type\":\"ReadAction\",\"target\":[\"https:\\\/\\\/www.cteworks.net\\\/\"]}]},{\"@type\":\"ImageObject\",\"inLanguage\":\"es\",\"@id\":\"https:\\\/\\\/www.cteworks.net\\\/#primaryimage\",\"url\":\"https:\\\/\\\/www.cteworks.net\\\/wp-content\\\/uploads\\\/2023\\\/03\\\/08fbeb36391612b70284171f3ae66558-262x300.png\",\"contentUrl\":\"https:\\\/\\\/www.cteworks.net\\\/wp-content\\\/uploads\\\/2023\\\/03\\\/08fbeb36391612b70284171f3ae66558-262x300.png\"},{\"@type\":\"BreadcrumbList\",\"@id\":\"https:\\\/\\\/www.cteworks.net\\\/#breadcrumb\",\"itemListElement\":[{\"@type\":\"ListItem\",\"position\":1,\"name\":\"Home\",\"item\":\"https:\\\/\\\/www.cteworks.net\\\/\"},{\"@type\":\"ListItem\",\"position\":2,\"name\":\"Home Page\"}]},{\"@type\":\"WebSite\",\"@id\":\"https:\\\/\\\/www.cteworks.net\\\/#website\",\"url\":\"https:\\\/\\\/www.cteworks.net\\\/\",\"name\":\"Welcome\",\"description\":\"\",\"publisher\":{\"@id\":\"https:\\\/\\\/www.cteworks.net\\\/#organization\"},\"potentialAction\":[{\"@type\":\"SearchAction\",\"target\":{\"@type\":\"EntryPoint\",\"urlTemplate\":\"https:\\\/\\\/www.cteworks.net\\\/?s={search_term_string}\"},\"query-input\":{\"@type\":\"PropertyValueSpecification\",\"valueRequired\":true,\"valueName\":\"search_term_string\"}}],\"inLanguage\":\"es\"},{\"@type\":\"Organization\",\"@id\":\"https:\\\/\\\/www.cteworks.net\\\/#organization\",\"name\":\"Welcome\",\"url\":\"https:\\\/\\\/www.cteworks.net\\\/\",\"logo\":{\"@type\":\"ImageObject\",\"inLanguage\":\"es\",\"@id\":\"https:\\\/\\\/www.cteworks.net\\\/#\\\/schema\\\/logo\\\/image\\\/\",\"url\":\"https:\\\/\\\/i0.wp.com\\\/www.cteworks.net\\\/wp-content\\\/uploads\\\/2023\\\/03\\\/cte-logo.png?fit=1024%2C434&ssl=1\",\"contentUrl\":\"https:\\\/\\\/i0.wp.com\\\/www.cteworks.net\\\/wp-content\\\/uploads\\\/2023\\\/03\\\/cte-logo.png?fit=1024%2C434&ssl=1\",\"width\":1024,\"height\":434,\"caption\":\"Welcome\"},\"image\":{\"@id\":\"https:\\\/\\\/www.cteworks.net\\\/#\\\/schema\\\/logo\\\/image\\\/\"}}]}<\/script>\n<!-- \/ Yoast SEO plugin. -->","yoast_head_json":{"title":"Home Page - Welcome","robots":{"index":"index","follow":"follow","max-snippet":"max-snippet:-1","max-image-preview":"max-image-preview:large","max-video-preview":"max-video-preview:-1"},"canonical":"https:\/\/www.cteworks.net\/es\/","og_locale":"es_MX","og_type":"article","og_title":"Home Page - Welcome","og_description":"https:\/\/www.cteworks.net\/wp-content\/uploads\/2024\/10\/Landing-Page-Rev-3-01-21-24.mp4#t=1 Who are we? We are Career Technical Education, engaging the passions, interests, and talents of more than 3,600 students across ten schools in the Pajaro Valley Unified School District. More than 40 dedicated teachers are inspiring these students in 26 career pathways that prepare them to meet their college, career, and life goals. What [&hellip;]","og_url":"https:\/\/www.cteworks.net\/es\/","og_site_name":"Welcome","article_modified_time":"2024-10-09T19:57:27+00:00","og_image":[{"url":"https:\/\/www.cteworks.net\/wp-content\/uploads\/2023\/03\/08fbeb36391612b70284171f3ae66558-262x300.png","type":"","width":"","height":""}],"twitter_card":"summary_large_image","twitter_misc":{"Tiempo de lectura":"1 minuto"},"schema":{"@context":"https:\/\/schema.org","@graph":[{"@type":"WebPage","@id":"https:\/\/www.cteworks.net\/","url":"https:\/\/www.cteworks.net\/","name":"Home Page - Welcome","isPartOf":{"@id":"https:\/\/www.cteworks.net\/#website"},"primaryImageOfPage":{"@id":"https:\/\/www.cteworks.net\/#primaryimage"},"image":{"@id":"https:\/\/www.cteworks.net\/#primaryimage"},"thumbnailUrl":"https:\/\/www.cteworks.net\/wp-content\/uploads\/2023\/03\/08fbeb36391612b70284171f3ae66558-262x300.png","datePublished":"2023-03-03T23:18:15+00:00","dateModified":"2024-10-09T19:57:27+00:00","breadcrumb":{"@id":"https:\/\/www.cteworks.net\/#breadcrumb"},"inLanguage":"es","potentialAction":[{"@type":"ReadAction","target":["https:\/\/www.cteworks.net\/"]}]},{"@type":"ImageObject","inLanguage":"es","@id":"https:\/\/www.cteworks.net\/#primaryimage","url":"https:\/\/www.cteworks.net\/wp-content\/uploads\/2023\/03\/08fbeb36391612b70284171f3ae66558-262x300.png","contentUrl":"https:\/\/www.cteworks.net\/wp-content\/uploads\/2023\/03\/08fbeb36391612b70284171f3ae66558-262x300.png"},{"@type":"BreadcrumbList","@id":"https:\/\/www.cteworks.net\/#breadcrumb","itemListElement":[{"@type":"ListItem","position":1,"name":"Home","item":"https:\/\/www.cteworks.net\/"},{"@type":"ListItem","position":2,"name":"Home Page"}]},{"@type":"WebSite","@id":"https:\/\/www.cteworks.net\/#website","url":"https:\/\/www.cteworks.net\/","name":"Welcome","description":"","publisher":{"@id":"https:\/\/www.cteworks.net\/#organization"},"potentialAction":[{"@type":"SearchAction","target":{"@type":"EntryPoint","urlTemplate":"https:\/\/www.cteworks.net\/?s={search_term_string}"},"query-input":{"@type":"PropertyValueSpecification","valueRequired":true,"valueName":"search_term_string"}}],"inLanguage":"es"},{"@type":"Organization","@id":"https:\/\/www.cteworks.net\/#organization","name":"Welcome","url":"https:\/\/www.cteworks.net\/","logo":{"@type":"ImageObject","inLanguage":"es","@id":"https:\/\/www.cteworks.net\/#\/schema\/logo\/image\/","url":"https:\/\/i0.wp.com\/www.cteworks.net\/wp-content\/uploads\/2023\/03\/cte-logo.png?fit=1024%2C434&ssl=1","contentUrl":"https:\/\/i0.wp.com\/www.cteworks.net\/wp-content\/uploads\/2023\/03\/cte-logo.png?fit=1024%2C434&ssl=1","width":1024,"height":434,"caption":"Welcome"},"image":{"@id":"https:\/\/www.cteworks.net\/#\/schema\/logo\/image\/"}}]}},"jetpack_sharing_enabled":true,"_links":{"self":[{"href":"https:\/\/www.cteworks.net\/es\/wp-json\/wp\/v2\/pages\/8","targetHints":{"allow":["GET"]}}],"collection":[{"href":"https:\/\/www.cteworks.net\/es\/wp-json\/wp\/v2\/pages"}],"about":[{"href":"https:\/\/www.cteworks.net\/es\/wp-json\/wp\/v2\/types\/page"}],"author":[{"embeddable":true,"href":"https:\/\/www.cteworks.net\/es\/wp-json\/wp\/v2\/users\/2"}],"replies":[{"embeddable":true,"href":"https:\/\/www.cteworks.net\/es\/wp-json\/wp\/v2\/comments?post=8"}],"version-history":[{"count":14,"href":"https:\/\/www.cteworks.net\/es\/wp-json\/wp\/v2\/pages\/8\/revisions"}],"predecessor-version":[{"id":260,"href":"https:\/\/www.cteworks.net\/es\/wp-json\/wp\/v2\/pages\/8\/revisions\/260"}],"wp:attachment":[{"href":"https:\/\/www.cteworks.net\/es\/wp-json\/wp\/v2\/media?parent=8"}],"curies":[{"name":"wp","href":"https:\/\/api.w.org\/{rel}","templated":true}]}}